{"id":643,"date":"2024-08-09T13:02:59","date_gmt":"2024-08-09T12:02:59","guid":{"rendered":"https:\/\/includeup.eu\/?page_id=643"},"modified":"2024-09-24T15:02:46","modified_gmt":"2024-09-24T14:02:46","slug":"module-3-e-commerce","status":"publish","type":"page","link":"https:\/\/includeup.eu\/de\/module-3-e-commerce\/","title":{"rendered":"Module 3 &#8211; E-commerce"},"content":{"rendered":"<div data-elementor-type=\"wp-page\" data-elementor-id=\"643\" class=\"elementor elementor-643\" data-elementor-settings=\"{&quot;ha_cmc_init_switcher&quot;:&quot;no&quot;}\">\n\t\t\t\t\t\t<section class=\"elementor-section elementor-top-section elementor-element elementor-element-1e19d86a elementor-section-height-min-height elementor-section-boxed elementor-section-height-default elementor-section-items-middle\" data-id=\"1e19d86a\" data-element_type=\"section\" data-settings=\"{&quot;background_background&quot;:&quot;classic&quot;,&quot;_ha_eqh_enable&quot;:false}\">\n\t\t\t\t\t\t\t<div class=\"elementor-background-overlay\"><\/div>\n\t\t\t\t\t\t\t<div class=\"elementor-container elementor-column-gap-default\">\n\t\t\t\t\t<div class=\"elementor-column elementor-col-100 elementor-top-column elementor-element elementor-element-368638db\" data-id=\"368638db\" data-element_type=\"column\">\n\t\t\t<div class=\"elementor-widget-wrap elementor-element-populated\">\n\t\t\t\t\t\t<div class=\"elementor-element elementor-element-38f871d8 elementor-widget elementor-widget-heading\" data-id=\"38f871d8\" data-element_type=\"widget\" data-widget_type=\"heading.default\">\n\t\t\t\t<div class=\"elementor-widget-container\">\n\t\t\t\t\t<h1 class=\"elementor-heading-title elementor-size-default\">M3: Elektronischer Gesch\u00e4ftsverkehr<\/h1>\t\t\t\t<\/div>\n\t\t\t\t<\/div>\n\t\t\t\t\t<\/div>\n\t\t<\/div>\n\t\t\t\t\t<\/div>\n\t\t<\/section>\n\t\t\t\t<section class=\"elementor-section elementor-top-section elementor-element elementor-element-9183cd1 elementor-section-boxed elementor-section-height-default elementor-section-height-default\" data-id=\"9183cd1\" data-element_type=\"section\" data-settings=\"{&quot;_ha_eqh_enable&quot;:false}\">\n\t\t\t\t\t\t<div class=\"elementor-container elementor-column-gap-default\">\n\t\t\t\t\t<div class=\"elementor-column elementor-col-100 elementor-top-column elementor-element elementor-element-201822e\" data-id=\"201822e\" data-element_type=\"column\">\n\t\t\t<div class=\"elementor-widget-wrap elementor-element-populated\">\n\t\t\t\t\t\t<div class=\"elementor-element elementor-element-bca1a63 elementor-widget elementor-widget-text-editor\" data-id=\"bca1a63\" data-element_type=\"widget\" data-widget_type=\"text-editor.default\">\n\t\t\t\t<div class=\"elementor-widget-container\">\n\t\t\t\t\t\t\t\t\t<p>In diesem Modul erwerben Lehrkr\u00e4fte die F\u00e4higkeit, Lernende bei der Erstellung und Verwaltung ihrer eigenen E-Commerce-Websites anzuleiten. Die Ausbilder lernen, wie sie die technischen und kreativen Aspekte der Einrichtung eines Online-Shops vermitteln k\u00f6nnen, von der Auswahl der richtigen Plattform bis hin zur Gestaltung benutzerfreundlicher Produktseiten. Das Modul deckt Schl\u00fcsselbereiche wie die Gew\u00e4hrleistung der Reaktionsf\u00e4higkeit auf mobile Ger\u00e4te, die Integration sicherer Zahlungsoptionen und die Optimierung der Benutzerfreundlichkeit ab. Die Trainer:innen werden auch in der Lage sein, den Teilnehmer:innen die Bedeutung klarer Produktbeschreibungen, ansprechender visueller Elemente und Kund:innenbindungsstrategien zu vermitteln.<\/p>\t\t\t\t\t\t\t\t<\/div>\n\t\t\t\t<\/div>\n\t\t\t\t\t<\/div>\n\t\t<\/div>\n\t\t\t\t\t<\/div>\n\t\t<\/section>\n\t\t\t\t<section class=\"elementor-section elementor-top-section elementor-element elementor-element-f6950f7 elementor-section-boxed elementor-section-height-default elementor-section-height-default\" data-id=\"f6950f7\" data-element_type=\"section\" data-settings=\"{&quot;_ha_eqh_enable&quot;:false}\">\n\t\t\t\t\t\t<div class=\"elementor-container elementor-column-gap-default\">\n\t\t\t\t\t<div class=\"elementor-column elementor-col-100 elementor-top-column elementor-element elementor-element-227244b\" data-id=\"227244b\" data-element_type=\"column\">\n\t\t\t<div class=\"elementor-widget-wrap elementor-element-populated\">\n\t\t\t\t\t\t<section class=\"elementor-section elementor-inner-section elementor-element elementor-element-c3b5b62 elementor-section-boxed elementor-section-height-default elementor-section-height-default\" data-id=\"c3b5b62\" data-element_type=\"section\" data-settings=\"{&quot;_ha_eqh_enable&quot;:&quot;yes&quot;,&quot;_ha_eqh_widget&quot;:[&quot;image-box&quot;],&quot;_ha_eqh_to&quot;:&quot;widget&quot;,&quot;_ha_eqh_disable_on_tablet&quot;:&quot;no&quot;,&quot;_ha_eqh_disable_on_mobile&quot;:&quot;yes&quot;}\">\n\t\t\t\t\t\t<div class=\"elementor-container elementor-column-gap-default\">\n\t\t\t\t\t<div class=\"elementor-column elementor-col-50 elementor-inner-column elementor-element elementor-element-3e0499b\" data-id=\"3e0499b\" data-element_type=\"column\">\n\t\t\t<div class=\"elementor-widget-wrap elementor-element-populated\">\n\t\t\t\t\t\t<div class=\"elementor-element elementor-element-34179f9 elementor-position-top elementor-widget elementor-widget-image-box\" data-id=\"34179f9\" data-element_type=\"widget\" data-widget_type=\"image-box.default\">\n\t\t\t\t<div class=\"elementor-widget-container\">\n\t\t\t\t\t<div class=\"elementor-image-box-wrapper\"><figure class=\"elementor-image-box-img\"><a href=\"https:\/\/includeup.eu\/de\/courses\/module-3-e-commerce\/\" tabindex=\"-1\"><img fetchpriority=\"high\" decoding=\"async\" width=\"1920\" height=\"1080\" src=\"https:\/\/includeup.eu\/wp-content\/uploads\/2024\/09\/module3.png\" class=\"attachment-full size-full wp-image-725\" alt=\"\" srcset=\"https:\/\/includeup.eu\/wp-content\/uploads\/2024\/09\/module3.png 1920w, https:\/\/includeup.eu\/wp-content\/uploads\/2024\/09\/module3-300x169.png 300w, https:\/\/includeup.eu\/wp-content\/uploads\/2024\/09\/module3-1024x576.png 1024w, https:\/\/includeup.eu\/wp-content\/uploads\/2024\/09\/module3-768x432.png 768w, https:\/\/includeup.eu\/wp-content\/uploads\/2024\/09\/module3-1536x864.png 1536w, https:\/\/includeup.eu\/wp-content\/uploads\/2024\/09\/module3-624x351.png 624w\" sizes=\"(max-width: 1920px) 100vw, 1920px\" \/><\/a><\/figure><div class=\"elementor-image-box-content\"><h3 class=\"elementor-image-box-title\"><a href=\"https:\/\/includeup.eu\/de\/courses\/module-3-e-commerce\/\">Grundstufe<\/a><\/h3><\/div><\/div>\t\t\t\t<\/div>\n\t\t\t\t<\/div>\n\t\t\t\t\t<\/div>\n\t\t<\/div>\n\t\t\t\t<div class=\"elementor-column elementor-col-50 elementor-inner-column elementor-element elementor-element-fc4aefe\" data-id=\"fc4aefe\" data-element_type=\"column\">\n\t\t\t<div class=\"elementor-widget-wrap elementor-element-populated\">\n\t\t\t\t\t\t<div class=\"elementor-element elementor-element-c5a1f01 elementor-position-top elementor-widget elementor-widget-image-box\" data-id=\"c5a1f01\" data-element_type=\"widget\" data-widget_type=\"image-box.default\">\n\t\t\t\t<div class=\"elementor-widget-container\">\n\t\t\t\t\t<div class=\"elementor-image-box-wrapper\"><figure class=\"elementor-image-box-img\"><a href=\"https:\/\/includeup.eu\/de\/courses\/module-3-e-commerce-intermediate-level\/\" tabindex=\"-1\"><img fetchpriority=\"high\" decoding=\"async\" width=\"1920\" height=\"1080\" src=\"https:\/\/includeup.eu\/wp-content\/uploads\/2024\/09\/module3.png\" class=\"attachment-full size-full wp-image-725\" alt=\"\" srcset=\"https:\/\/includeup.eu\/wp-content\/uploads\/2024\/09\/module3.png 1920w, https:\/\/includeup.eu\/wp-content\/uploads\/2024\/09\/module3-300x169.png 300w, https:\/\/includeup.eu\/wp-content\/uploads\/2024\/09\/module3-1024x576.png 1024w, https:\/\/includeup.eu\/wp-content\/uploads\/2024\/09\/module3-768x432.png 768w, https:\/\/includeup.eu\/wp-content\/uploads\/2024\/09\/module3-1536x864.png 1536w, https:\/\/includeup.eu\/wp-content\/uploads\/2024\/09\/module3-624x351.png 624w\" sizes=\"(max-width: 1920px) 100vw, 1920px\" \/><\/a><\/figure><div class=\"elementor-image-box-content\"><h3 class=\"elementor-image-box-title\"><a href=\"https:\/\/includeup.eu\/de\/courses\/module-3-e-commerce-intermediate-level\/\">Mittelstufe<\/a><\/h3><\/div><\/div>\t\t\t\t<\/div>\n\t\t\t\t<\/div>\n\t\t\t\t\t<\/div>\n\t\t<\/div>\n\t\t\t\t\t<\/div>\n\t\t<\/section>\n\t\t\t\t\t<\/div>\n\t\t<\/div>\n\t\t\t\t\t<\/div>\n\t\t<\/section>\n\t\t\t\t<\/div>","protected":false},"excerpt":{"rendered":"<p>Module 3 &#8211; E-commerce In this module, educators will gain the skills to guide participants in creating and managing their own e-commerce websites. Educators will&hellip;<\/p>","protected":false},"author":1,"featured_media":0,"parent":0,"menu_order":0,"comment_status":"closed","ping_status":"closed","template":"elementor_header_footer","meta":{"footnotes":""},"class_list":["post-643","page","type-page","status-publish","hentry"],"_links":{"self":[{"href":"https:\/\/includeup.eu\/de\/wp-json\/wp\/v2\/pages\/643","targetHints":{"allow":["GET"]}}],"collection":[{"href":"https:\/\/includeup.eu\/de\/wp-json\/wp\/v2\/pages"}],"about":[{"href":"https:\/\/includeup.eu\/de\/wp-json\/wp\/v2\/types\/page"}],"author":[{"embeddable":true,"href":"https:\/\/includeup.eu\/de\/wp-json\/wp\/v2\/users\/1"}],"replies":[{"embeddable":true,"href":"https:\/\/includeup.eu\/de\/wp-json\/wp\/v2\/comments?post=643"}],"version-history":[{"count":16,"href":"https:\/\/includeup.eu\/de\/wp-json\/wp\/v2\/pages\/643\/revisions"}],"predecessor-version":[{"id":1763,"href":"https:\/\/includeup.eu\/de\/wp-json\/wp\/v2\/pages\/643\/revisions\/1763"}],"wp:attachment":[{"href":"https:\/\/includeup.eu\/de\/wp-json\/wp\/v2\/media?parent=643"}],"curies":[{"name":"wp","href":"https:\/\/api.w.org\/{rel}","templated":true}]}}